{"id":7,"date":"2019-10-02T10:31:35","date_gmt":"2019-10-02T10:31:35","guid":{"rendered":"http:\/\/tanjafrey.de\/?page_id=7"},"modified":"2019-10-02T10:31:35","modified_gmt":"2019-10-02T10:31:35","slug":"vita","status":"publish","type":"page","link":"https:\/\/tanjafrey.de\/?page_id=7","title":{"rendered":"Vita"},"content":{"rendered":"\n<p><br>  <strong>Studium<\/strong> der Psychologie an der Otto-Friedrich-Universit\u00e4t in Bamberg<br> mit Klinischem Schwerpunkt<\/p>\n\n\n\n<p><br> <strong>Diplomarbeit<\/strong> \u201cUntersuchung zur diagnostischen und therapeutischen Ver- sorgungslage von Zwangspatienten-eine Folgestudie\u201d<br> 2003 | Abschluss <strong>Diplom Psychologin (Univ.)<\/strong><\/p>\n\n\n\n<p><br> <strong>Praktika<\/strong><br> 2001 | Psychologischer Dienst :: Bundesanstalt f\u00fcr Arbeit :: N\u00fcrnberg<br> 2001 | Erziehungs- und Jugendberatungsstelle im Landkreis N\u00fcrnberger Land<\/p>\n\n\n\n<p><br> <strong>Berufst\u00e4tigkeit<\/strong><br> <strong>2003<\/strong> | Psychologin in der station\u00e4ren Jugendhilfe der AWO N\u00fcrnberg :: bis heute<\/p>\n\n\n\n<p><strong>2007<\/strong> | Privatdozentin an der privaten Fachakademie f\u00fcr Heilp\u00e4dagogik PFH in Feucht f\u00fcr die F\u00e4cher Psychologie, Medizin, Statistik und Supervision :: bis heute<\/p>\n\n\n\n<p><br><strong> Fortbildungen &amp; Fachtagungen<\/strong><br><strong>2000<\/strong> | Seminar \u201d Einzel-Assessment und Coaching\u201d :: Otto-Friedrich-Universi- t\u00e4t Bamberg<br><strong>2001<\/strong> | 6. Bamberger Neuropsychiatrie-Symposium \u201cKlinische Wertigkeit aktueller Forschungsergebnisse in der Neuropsychoatrie\u201d :: \u00c4rztliche Fortbil- dung in Bayern in Zusammenarbeit mit der Bayrischen Landes\u00e4rztekammer<br><strong>2005<\/strong> | Autogenes Training :: Klinikum am Europakanal<br><strong>2010<\/strong> | Fachtagung \u201d Zwischen Zwangsheirat und Selbstbestimmung\u201d<br><strong>2011<\/strong> | Schulinterne Lehrerfortbildung der PFH<br>\u201dDidaktische, methodische, rechtliche und schulorganisatorische Grundla- gen des Lehrens an Fachakademien<\/p>\n","protected":false},"excerpt":{"rendered":"<p>Studium der Psychologie an der Otto-Friedrich-Universit\u00e4t in Bamberg mit Klinischem Schwerpunkt Diplomarbeit \u201cUntersuchung zur diagnostischen und therapeutischen Ver- sorgungslage von Zwangspatienten-eine Folgestudie\u201d 2003 | Abschluss Diplom Psychologin (Univ.) Praktika 2001 | Psychologischer Dienst :: Bundesanstalt f\u00fcr Arbeit :: N\u00fcrnberg 2001 | Erziehungs- und Jugendberatungsstelle im Landkreis N\u00fcrnberger Land Berufst\u00e4tigkeit 2003 | Psychologin in der station\u00e4ren &hellip; <\/p>\n<p class=\"link-more\"><a href=\"https:\/\/tanjafrey.de\/?page_id=7\" class=\"more-link\"><span class=\"screen-reader-text\">\u201eVita\u201c<\/span> weiterlesen<\/a><\/p>\n","protected":false},"author":1,"featured_media":0,"parent":0,"menu_order":0,"comment_status":"closed","ping_status":"closed","template":"","meta":[],"_links":{"self":[{"href":"https:\/\/tanjafrey.de\/index.php?rest_route=\/wp\/v2\/pages\/7"}],"collection":[{"href":"https:\/\/tanjafrey.de\/index.php?rest_route=\/wp\/v2\/pages"}],"about":[{"href":"https:\/\/tanjafrey.de\/index.php?rest_route=\/wp\/v2\/types\/page"}],"author":[{"embeddable":true,"href":"https:\/\/tanjafrey.de\/index.php?rest_route=\/wp\/v2\/users\/1"}],"replies":[{"embeddable":true,"href":"https:\/\/tanjafrey.de\/index.php?rest_route=%2Fwp%2Fv2%2Fcomments&post=7"}],"version-history":[{"count":1,"href":"https:\/\/tanjafrey.de\/index.php?rest_route=\/wp\/v2\/pages\/7\/revisions"}],"predecessor-version":[{"id":8,"href":"https:\/\/tanjafrey.de\/index.php?rest_route=\/wp\/v2\/pages\/7\/revisions\/8"}],"wp:attachment":[{"href":"https:\/\/tanjafrey.de\/index.php?rest_route=%2Fwp%2Fv2%2Fmedia&parent=7"}],"curies":[{"name":"wp","href":"https:\/\/api.w.org\/{rel}","templated":true}]}}